{"id":11782,"date":"2024-11-18T13:14:24","date_gmt":"2024-11-18T12:14:24","guid":{"rendered":"https:\/\/accent4.com\/preprod\/?page_id=11782"},"modified":"2024-11-18T14:02:48","modified_gmt":"2024-11-18T13:02:48","slug":"test-home-01-1124","status":"publish","type":"page","link":"https:\/\/accent4.com\/preprod\/","title":{"rendered":"TEST HOME 01 &#8211; 1124"},"content":{"rendered":"<p>Plongez dans un \u00e9v\u00e9nement musical unique c\u00e9l\u00e9brant les 400 ans du clavecin Ruckers, l\u2019un des joyaux historiques les plus pr\u00e9cieux de la musique baroque . . .<\/p>\n<p style=\"text-align: center;\"><div class=\"paywall\">\n                <h2 class=\"paywall__headline\">\n                    Ce contenu est r\u00e9serv\u00e9 aux adh\u00e9rents...                <\/h2>\n                <div class=\"paywall__actions row\">\n                                                                        <div class=\"col-sm-6\">\n                                <div class=\"paywall__action paywall__action--connect\">\n                                    D\u00e9j\u00e0 abonn\u00e9&nbsp;?<br>\n                                    <a class=\"button\" href=\"https:\/\/accent4.com\/preprod\/espace-adherents\/?redirect=https%3A%2F%2Faccent4.com%2Fpreprod%2Fwp-json%2Fwp%2Fv2%2Fpages%2F11782%2F\">Connectez vous&nbsp;!<\/a>\n                                <\/div>\n                            <\/div>\n                                                <div class=\"col-sm-6\">\n                            <div class=\"paywall__action paywall__action--subscribe\">\n                                                                    Nouveau ici&nbsp;?\n                                <br>\n                                <a class=\"button\" href=\"https:\/\/accent4.com\/preprod\/espace-adherents\/adhesion\/\">Abonnez vous&nbsp;!<\/a>\n                            <\/div>\n                        <\/div>\n                                    <\/div>\n            <\/div><\/p>\n<div id=\"sconnect-is-installed\" style=\"display: none;\"><\/div>\n<div id=\"sconnect-is-installed\" style=\"display: none;\"><\/div>\n<div id=\"sconnect-is-installed\" style=\"display: none;\"><\/div>\n<div id=\"sconnect-is-installed\" style=\"display: none;\"><\/div>\n<div id=\"sconnect-is-installed\" style=\"display: none;\"><\/div>\n<div id=\"sconnect-is-installed\" style=\"display: none;\"><\/div>\n<div id=\"sconnect-is-installed\" style=\"display: none;\"><\/div>\n<div id=\"sconnect-is-installed\" style=\"display: none;\"><\/div>\n<div id=\"sconnect-is-installed\" style=\"display: none;\"><\/div>\n<div id=\"sconnect-is-installed\" style=\"display: none;\"><\/div>\n<div id=\"sconnect-is-installed\" style=\"display: none;\"><\/div>\n<div id=\"sconnect-is-installed\" style=\"display: none;\"><\/div>\n<div id=\"sconnect-is-installed\" style=\"display: none;\"><\/div>\n<div id=\"sconnect-is-installed\" style=\"display: none;\"><\/div>\n<div id=\"sconnect-is-installed\" style=\"display: none;\"><\/div>\n<div id=\"sconnect-is-installed\" style=\"display: none;\"><\/div>\n<div id=\"sconnect-is-installed\" style=\"display: none;\"><\/div>\n<div id=\"sconnect-is-installed\" style=\"display: none;\"><\/div>\n<div id=\"sconnect-is-installed\" style=\"display: none;\"><\/div>\n<div id=\"sconnect-is-installed\" style=\"display: none;\"><\/div>\n<div id=\"sconnect-is-installed\" style=\"display: none;\"><\/div>\n<div id=\"sconnect-is-installed\" style=\"display: none;\"><\/div>\n<div id=\"sconnect-is-installed\" style=\"display: none;\"><\/div>\n<div id=\"sconnect-is-installed\" style=\"display: none;\"><\/div>\n<div id=\"sconnect-is-installed\" style=\"display: none;\"><\/div>\n<div id=\"sconnect-is-installed\" style=\"display: none;\"><\/div>\n<div id=\"sconnect-is-installed\" style=\"display: none;\"><\/div>\n<div id=\"sconnect-is-installed\" style=\"display: none;\"><\/div>\n<div id=\"sconnect-is-installed\" style=\"display: none;\"><\/div>\n<div id=\"sconnect-is-installed\" style=\"display: none;\"><\/div>\n<div id=\"sconnect-is-installed\" style=\"display: none;\"><\/div>\n<div id=\"sconnect-is-installed\" style=\"display: none;\"><\/div>\n<div id=\"sconnect-is-installed\" style=\"display: none;\"><\/div>\n<div id=\"sconnect-is-installed\" style=\"display: none;\"><\/div>\n<div id=\"sconnect-is-installed\" style=\"display: none;\"><\/div>\n<div id=\"sconnect-is-installed\" style=\"display: none;\"><\/div>\n<div id=\"sconnect-is-installed\" style=\"display: none;\"><\/div>\n<div id=\"sconnect-is-installed\" style=\"display: none;\"><\/div>\n<div id=\"sconnect-is-installed\" style=\"display: none;\"><\/div>\n<div id=\"sconnect-is-installed\" style=\"display: none;\"><\/div>\n<div id=\"sconnect-is-installed\" style=\"display: none;\"><\/div>\n<div id=\"sconnect-is-installed\" style=\"display: none;\"><\/div>\n<div id=\"sconnect-is-installed\" style=\"display: none;\"><\/div>\n<div id=\"sconnect-is-installed\" style=\"display: none;\"><\/div>\n<div id=\"sconnect-is-installed\" style=\"display: none;\"><\/div>\n<div id=\"sconnect-is-installed\" style=\"display: none;\"><\/div>\n<div id=\"sconnect-is-installed\" style=\"display: none;\"><\/div>\n<div id=\"sconnect-is-installed\" style=\"display: none;\">2.15.0.0<\/div>\n<div id=\"sconnect-is-installed\" style=\"display: none;\">2.15.0.0<\/div>\n<div id=\"sconnect-is-installed\" style=\"display: none;\">2.15.0.0<\/div>\n<div id=\"sconnect-is-installed\" style=\"display: none;\">2.15.0.0<\/div>\n<div id=\"sconnect-is-installed\" style=\"display: none;\">2.15.0.0<\/div>\n<div id=\"sconnect-is-installed\" style=\"display: none;\">2.15.0.0<\/div>\n<div id=\"sconnect-is-installed\" style=\"display: none;\">2.15.0.0<\/div>\n<div id=\"sconnect-is-installed\" style=\"display: none;\">2.15.0.0<\/div>\n<div id=\"sconnect-is-installed\" style=\"display: none;\">2.15.0.0<\/div>\n","protected":false},"excerpt":{"rendered":"<p>Plongez dans un \u00e9v\u00e9nement musical unique c\u00e9l\u00e9brant les 400 ans du clavecin Ruckers, l\u2019un des joyaux historiques les plus pr\u00e9cieux de la musique baroque . . . Ce contenu est r\u00e9serv\u00e9 aux adh\u00e9rents&#8230; D\u00e9j\u00e0 abonn\u00e9&nbsp;? Connectez vous&nbsp;! Nouveau ici&nbsp;? Abonnez vous&nbsp;! 2.15.0.0 2.15.0.0 2.15.0.0 2.15.0.0 2.15.0.0 2.15.0.0 2.15.0.0 2.15.0.0 2.15.0.0<\/p>\n","protected":false},"author":4893,"featured_media":0,"parent":0,"menu_order":0,"comment_status":"closed","ping_status":"closed","template":"","meta":{"_monsterinsights_skip_tracking":false,"_monsterinsights_sitenote_active":false,"_monsterinsights_sitenote_note":"","_monsterinsights_sitenote_category":0,"_uf_show_specific_survey":0,"_uf_disable_surveys":false,"episode_type":"","audio_file":"","podmotor_file_id":"","podmotor_episode_id":"","cover_image":"","cover_image_id":"","duration":"","filesize":"","filesize_raw":"","date_recorded":"","explicit":"","block":"","itunes_episode_number":"","itunes_title":"","itunes_season_number":"","itunes_episode_type":"","jnews_page_loop":{"first_title":"Latest Post","header_type":"heading_6","layout":"right-sidebar","sidebar":"default-sidebar","second_sidebar":"default-sidebar","sticky_sidebar":"1","module":"3","excerpt_length":"20","content_date":"default","date_custom":"Y\/m\/d","content_pagination":"nav_1","pagination_align":"center","post_sticky":"0","post_offset":"0","posts_per_page":"5","sort_by":"latest"},"jnews_single_page":{"layout":"right-sidebar","sidebar":"default-sidebar","second_sidebar":"default-sidebar","sticky_sidebar":"1","show_post_title":"1","show_post_breadcrumbs":"1","show_post_featured":"1","share_position":"hide","share_color":"share-monocrhome"},"footnotes":""},"class_list":["post-11782","page","type-page","status-publish","hentry"],"yoast_head":"<!-- This site is optimized with the Yoast SEO plugin v27.4 - https:\/\/yoast.com\/product\/yoast-seo-wordpress\/ -->\n<title>TEST HOME 01 - 1124 &#8211; [PREPROD] Accent 4<\/title>\n<meta name=\"robots\" content=\"index, follow, max-snippet:-1, max-image-preview:large, max-video-preview:-1\" \/>\n<link rel=\"canonical\" href=\"https:\/\/accent4.com\/preprod\/\" \/>\n<meta property=\"og:locale\" content=\"fr_FR\" \/>\n<meta property=\"og:type\" content=\"article\" \/>\n<meta property=\"og:title\" content=\"TEST HOME 01 - 1124 &#8211; [PREPROD] Accent 4\" \/>\n<meta property=\"og:description\" content=\"Plongez dans un \u00e9v\u00e9nement musical unique c\u00e9l\u00e9brant les 400 ans du clavecin Ruckers, l\u2019un des joyaux historiques les plus pr\u00e9cieux de la musique baroque . . . Ce contenu est r\u00e9serv\u00e9 aux adh\u00e9rents... D\u00e9j\u00e0 abonn\u00e9&nbsp;? Connectez vous&nbsp;! Nouveau ici&nbsp;? Abonnez vous&nbsp;! 2.15.0.0 2.15.0.0 2.15.0.0 2.15.0.0 2.15.0.0 2.15.0.0 2.15.0.0 2.15.0.0 2.15.0.0\" \/>\n<meta property=\"og:url\" content=\"https:\/\/accent4.com\/preprod\/\" \/>\n<meta property=\"og:site_name\" content=\"[PREPROD] Accent 4\" \/>\n<meta property=\"article:publisher\" content=\"https:\/\/www.facebook.com\/Accent4\/\" \/>\n<meta property=\"article:modified_time\" content=\"2024-11-18T13:02:48+00:00\" \/>\n<meta name=\"twitter:card\" content=\"summary_large_image\" \/>\n<meta name=\"twitter:label1\" content=\"Dur\u00e9e de lecture estim\u00e9e\" \/>\n\t<meta name=\"twitter:data1\" content=\"14 minutes\" \/>\n<script type=\"application\/ld+json\" class=\"yoast-schema-graph\">{\"@context\":\"https:\\\/\\\/schema.org\",\"@graph\":[{\"@type\":\"WebPage\",\"@id\":\"https:\\\/\\\/accent4.com\\\/preprod\\\/\",\"url\":\"https:\\\/\\\/accent4.com\\\/preprod\\\/\",\"name\":\"TEST HOME 01 - 1124 &#8211; [PREPROD] Accent 4\",\"isPartOf\":{\"@id\":\"https:\\\/\\\/accent4.com\\\/preprod\\\/#website\"},\"datePublished\":\"2024-11-18T12:14:24+00:00\",\"dateModified\":\"2024-11-18T13:02:48+00:00\",\"breadcrumb\":{\"@id\":\"https:\\\/\\\/accent4.com\\\/preprod\\\/#breadcrumb\"},\"inLanguage\":\"fr-FR\",\"potentialAction\":[{\"@type\":\"ReadAction\",\"target\":[\"https:\\\/\\\/accent4.com\\\/preprod\\\/\"]}]},{\"@type\":\"BreadcrumbList\",\"@id\":\"https:\\\/\\\/accent4.com\\\/preprod\\\/#breadcrumb\",\"itemListElement\":[{\"@type\":\"ListItem\",\"position\":1,\"name\":\"Home\",\"item\":\"https:\\\/\\\/accent4.com\\\/preprod\\\/\"},{\"@type\":\"ListItem\",\"position\":2,\"name\":\"TEST HOME 01 &#8211; 1124\"}]},{\"@type\":\"WebSite\",\"@id\":\"https:\\\/\\\/accent4.com\\\/preprod\\\/#website\",\"url\":\"https:\\\/\\\/accent4.com\\\/preprod\\\/\",\"name\":\"Accent 4 - L'instant classique - Radio\",\"description\":\"L&#039;instant classique\",\"publisher\":{\"@id\":\"https:\\\/\\\/accent4.com\\\/preprod\\\/#organization\"},\"potentialAction\":[{\"@type\":\"SearchAction\",\"target\":{\"@type\":\"EntryPoint\",\"urlTemplate\":\"https:\\\/\\\/accent4.com\\\/preprod\\\/?s={search_term_string}\"},\"query-input\":{\"@type\":\"PropertyValueSpecification\",\"valueRequired\":true,\"valueName\":\"search_term_string\"}}],\"inLanguage\":\"fr-FR\"},{\"@type\":\"Organization\",\"@id\":\"https:\\\/\\\/accent4.com\\\/preprod\\\/#organization\",\"name\":\"Accent 4\",\"url\":\"https:\\\/\\\/accent4.com\\\/preprod\\\/\",\"logo\":{\"@type\":\"ImageObject\",\"inLanguage\":\"fr-FR\",\"@id\":\"https:\\\/\\\/accent4.com\\\/preprod\\\/#\\\/schema\\\/logo\\\/image\\\/\",\"url\":\"https:\\\/\\\/accent4.com\\\/preprod\\\/wp-content\\\/uploads\\\/2019\\\/07\\\/cropped-logo-white.png\",\"contentUrl\":\"https:\\\/\\\/accent4.com\\\/preprod\\\/wp-content\\\/uploads\\\/2019\\\/07\\\/cropped-logo-white.png\",\"width\":512,\"height\":512,\"caption\":\"Accent 4\"},\"image\":{\"@id\":\"https:\\\/\\\/accent4.com\\\/preprod\\\/#\\\/schema\\\/logo\\\/image\\\/\"},\"sameAs\":[\"https:\\\/\\\/www.facebook.com\\\/Accent4\\\/\",\"https:\\\/\\\/www.instagram.com\\\/radioaccent4\\\/\"]}]}<\/script>\n<!-- \/ Yoast SEO plugin. -->","yoast_head_json":{"title":"TEST HOME 01 - 1124 &#8211; [PREPROD] Accent 4","robots":{"index":"index","follow":"follow","max-snippet":"max-snippet:-1","max-image-preview":"max-image-preview:large","max-video-preview":"max-video-preview:-1"},"canonical":"https:\/\/accent4.com\/preprod\/","og_locale":"fr_FR","og_type":"article","og_title":"TEST HOME 01 - 1124 &#8211; [PREPROD] Accent 4","og_description":"Plongez dans un \u00e9v\u00e9nement musical unique c\u00e9l\u00e9brant les 400 ans du clavecin Ruckers, l\u2019un des joyaux historiques les plus pr\u00e9cieux de la musique baroque . . . Ce contenu est r\u00e9serv\u00e9 aux adh\u00e9rents... D\u00e9j\u00e0 abonn\u00e9&nbsp;? Connectez vous&nbsp;! Nouveau ici&nbsp;? Abonnez vous&nbsp;! 2.15.0.0 2.15.0.0 2.15.0.0 2.15.0.0 2.15.0.0 2.15.0.0 2.15.0.0 2.15.0.0 2.15.0.0","og_url":"https:\/\/accent4.com\/preprod\/","og_site_name":"[PREPROD] Accent 4","article_publisher":"https:\/\/www.facebook.com\/Accent4\/","article_modified_time":"2024-11-18T13:02:48+00:00","twitter_card":"summary_large_image","twitter_misc":{"Dur\u00e9e de lecture estim\u00e9e":"14 minutes"},"schema":{"@context":"https:\/\/schema.org","@graph":[{"@type":"WebPage","@id":"https:\/\/accent4.com\/preprod\/","url":"https:\/\/accent4.com\/preprod\/","name":"TEST HOME 01 - 1124 &#8211; [PREPROD] Accent 4","isPartOf":{"@id":"https:\/\/accent4.com\/preprod\/#website"},"datePublished":"2024-11-18T12:14:24+00:00","dateModified":"2024-11-18T13:02:48+00:00","breadcrumb":{"@id":"https:\/\/accent4.com\/preprod\/#breadcrumb"},"inLanguage":"fr-FR","potentialAction":[{"@type":"ReadAction","target":["https:\/\/accent4.com\/preprod\/"]}]},{"@type":"BreadcrumbList","@id":"https:\/\/accent4.com\/preprod\/#breadcrumb","itemListElement":[{"@type":"ListItem","position":1,"name":"Home","item":"https:\/\/accent4.com\/preprod\/"},{"@type":"ListItem","position":2,"name":"TEST HOME 01 &#8211; 1124"}]},{"@type":"WebSite","@id":"https:\/\/accent4.com\/preprod\/#website","url":"https:\/\/accent4.com\/preprod\/","name":"Accent 4 - L'instant classique - Radio","description":"L&#039;instant classique","publisher":{"@id":"https:\/\/accent4.com\/preprod\/#organization"},"potentialAction":[{"@type":"SearchAction","target":{"@type":"EntryPoint","urlTemplate":"https:\/\/accent4.com\/preprod\/?s={search_term_string}"},"query-input":{"@type":"PropertyValueSpecification","valueRequired":true,"valueName":"search_term_string"}}],"inLanguage":"fr-FR"},{"@type":"Organization","@id":"https:\/\/accent4.com\/preprod\/#organization","name":"Accent 4","url":"https:\/\/accent4.com\/preprod\/","logo":{"@type":"ImageObject","inLanguage":"fr-FR","@id":"https:\/\/accent4.com\/preprod\/#\/schema\/logo\/image\/","url":"https:\/\/accent4.com\/preprod\/wp-content\/uploads\/2019\/07\/cropped-logo-white.png","contentUrl":"https:\/\/accent4.com\/preprod\/wp-content\/uploads\/2019\/07\/cropped-logo-white.png","width":512,"height":512,"caption":"Accent 4"},"image":{"@id":"https:\/\/accent4.com\/preprod\/#\/schema\/logo\/image\/"},"sameAs":["https:\/\/www.facebook.com\/Accent4\/","https:\/\/www.instagram.com\/radioaccent4\/"]}]}},"_links":{"self":[{"href":"https:\/\/accent4.com\/preprod\/wp-json\/wp\/v2\/pages\/11782","targetHints":{"allow":["GET"]}}],"collection":[{"href":"https:\/\/accent4.com\/preprod\/wp-json\/wp\/v2\/pages"}],"about":[{"href":"https:\/\/accent4.com\/preprod\/wp-json\/wp\/v2\/types\/page"}],"author":[{"embeddable":true,"href":"https:\/\/accent4.com\/preprod\/wp-json\/wp\/v2\/users\/4893"}],"replies":[{"embeddable":true,"href":"https:\/\/accent4.com\/preprod\/wp-json\/wp\/v2\/comments?post=11782"}],"version-history":[{"count":0,"href":"https:\/\/accent4.com\/preprod\/wp-json\/wp\/v2\/pages\/11782\/revisions"}],"wp:attachment":[{"href":"https:\/\/accent4.com\/preprod\/wp-json\/wp\/v2\/media?parent=11782"}],"curies":[{"name":"wp","href":"https:\/\/api.w.org\/{rel}","templated":true}]}}