{"id":1479,"date":"2021-05-05T15:08:37","date_gmt":"2021-05-05T14:08:37","guid":{"rendered":"https:\/\/test.accent4.com\/?page_id=1479"},"modified":"2021-05-05T15:10:06","modified_gmt":"2021-05-05T14:10:06","slug":"faire-un-don","status":"publish","type":"page","link":"https:\/\/accent4.com\/preprod\/espace-adherents\/faire-un-don\/","title":{"rendered":"Faire un don \u00e0 Accent 4"},"content":{"rendered":"                <form class=\"donate-shortcode rcp_form\" id=\"donate-shortcode-form\">\n                                            <legend>Vos informations<\/legend>\n                        <fieldset class=\"rcp_user_fieldset\">\n                            <p id=\"rcp_user_email_wrap\">\n                                <label for=\"email\">Adresse e-mail&nbsp;:<\/label>\n                                <input type=\"email\" id=\"email\" name=\"email\" required>\n                            <\/p>\n\n                            <p id=\"rcp_user_first_wrap\">\n                                <label for=\"firstname\">Pr\u00e9nom&nbsp;:<\/label>\n                                <input type=\"text\" id=\"firstname\" name=\"firstname\" required>\n                            <\/p>\n\n                            <p id=\"rcp_user_last_wrap\">\n                                <label for=\"lastname\">Nom&nbsp;:<\/label>\n                                <input type=\"text\" id=\"lastname\" name=\"lastname\" required>\n                            <\/p>\n\n                                <p id=\"rcp_address_wrap\">\n        <label for=\"rcp_address\">Adresse&nbsp;:<\/label>\n        <input name=\"rcp_address\" id=\"rcp_address\" type=\"text\" value=\"\">\n    <\/p>\n    <p id=\"rcp_address2_wrap\">\n        <label for=\"rcp_address2\">Compl\u00e9ment d'adresse&nbsp;:<\/label>\n        <input name=\"rcp_address2\" id=\"rcp_address2\" type=\"text\" value=\"\">\n    <\/p>\n    <p id=\"rcp_postcode_wrap\">\n        <label for=\"rcp_postcode\">Code postal&nbsp;:<\/label>\n        <input name=\"rcp_postcode\" id=\"rcp_postcode\" type=\"text\" maxlength=\"5\" value=\"\">\n    <\/p>\n    <p id=\"rcp_city_wrap\">\n        <label for=\"rcp_city\">Ville&nbsp;:<\/label>\n        <input name=\"rcp_city\" id=\"rcp_city\" type=\"text\" value=\"\">\n    <\/p>\n    <p id=\"rcp_country_wrap\">\n        <label for=\"rcp_country\">Pays&nbsp;:<\/label>\n        <input name=\"rcp_country\" id=\"rcp_country\" type=\"text\" value=\"France\">\n    <\/p>\n    <p id=\"rcp_phone_wrap\">\n        <label for=\"rcp_phone\">Num\u00e9ro de t\u00e9l\u00e9phone&nbsp;:<\/label>\n        <input name=\"rcp_phone\" id=\"rcp_phone\" type=\"text\" value=\"\">\n    <\/p>\n    <p id=\"rcp_company_wrap\">\n        <label for=\"rcp_company\">Entreprise (facultatif)&nbsp;:<\/label>\n        <input name=\"rcp_company\" id=\"rcp_company\" type=\"text\" value=\"\">\n    <\/p>\n                            <\/fieldset>\n                                        <legend>Votre don<\/legend>\n                    <fieldset class=\"rcp_card_fieldset\">\n                                                <div class=\"amount-field\">\n                            <label for=\"amount\">Montant&nbsp;(\u20ac)&nbsp;:<\/label>\n                            <select id=\"amount\" name=\"amount\">\n                                <option value=\"5\">5\u20ac<\/option>\n                                <option value=\"10\">10\u20ac<\/option>\n                                <option value=\"25\">25\u20ac<\/option>\n                                <option value=\"50\" selected>50\u20ac<\/option>\n                                <option value=\"100\">100\u20ac<\/option>\n                                <option value=\"250\">250\u20ac<\/option>\n                                <option value=\"500\">500\u20ac<\/option>\n                                <option value=\"custom\">Montant personnalis\u00e9<\/option>\n                            <\/select>\n                            <input type=\"number\" id=\"amount-custom\" name=\"amount-custom\" step=\"1\" min=\"0\" value=\"0\" style=\"display: none;\">\n                        <\/div>\n                        <div class=\"card-field\">\n                            <label for=\"payment\">Paiement&nbsp;:<\/label>\n                            <div id=\"donation-payment-card\"><\/div>\n                        <\/div>\n                    <\/fieldset>\n                    <div id=\"donation-form-error\" style=\"display: none;\"><\/div>\n                    <input type=\"hidden\" id=\"_wpnonce\" name=\"_wpnonce\" value=\"4b83f58d6a\" \/><input type=\"hidden\" name=\"_wp_http_referer\" value=\"\/preprod\/wp-json\/wp\/v2\/pages\/1479\" \/>                    <input type=\"submit\" id=\"submit-donation\" value=\"Je confirme\" disabled>\n                <\/form>\n            \n","protected":false},"excerpt":{"rendered":"","protected":false},"author":1,"featured_media":0,"parent":76,"menu_order":0,"comment_status":"closed","ping_status":"closed","template":"","meta":{"_monsterinsights_skip_tracking":false,"_monsterinsights_sitenote_active":false,"_monsterinsights_sitenote_note":"","_monsterinsights_sitenote_category":0,"_uf_show_specific_survey":0,"_uf_disable_surveys":false,"episode_type":"","audio_file":"","podmotor_file_id":"","podmotor_episode_id":"","cover_image":"","cover_image_id":"","duration":"","filesize":"","filesize_raw":"","date_recorded":"","explicit":"","block":"","itunes_episode_number":"","itunes_title":"","itunes_season_number":"","itunes_episode_type":"","jnews_page_loop":{"first_title":"Latest Post","second_title":"","header_type":"heading_6","header_background":"","header_text_color":"","layout":"right-sidebar","sidebar":"default-sidebar","second_sidebar":"default-sidebar","sticky_sidebar":"1","module":"3","excerpt_length":"20","content_date":"default","date_custom":"Y\/m\/d","content_pagination":"nav_1","pagination_align":"center","post_offset":"0","posts_per_page":"5","include_post":"","exclude_post":"","include_category":"","exclude_category":"","include_author":"","include_tag":"","exclude_tag":"","sort_by":"latest"},"jnews_single_page":{"layout":"no-sidebar","sidebar":"default-sidebar","second_sidebar":"default-sidebar","sticky_sidebar":"1","show_post_featured":"1","share_position":"hide","share_color":"share-monocrhome"},"footnotes":""},"class_list":["post-1479","page","type-page","status-publish","hentry"],"yoast_head":"<!-- This site is optimized with the Yoast SEO plugin v27.4 - https:\/\/yoast.com\/product\/yoast-seo-wordpress\/ -->\n<title>Faire un don \u00e0 Accent 4 &#8211; [PREPROD] Accent 4<\/title>\n<meta name=\"robots\" content=\"index, follow, max-snippet:-1, max-image-preview:large, max-video-preview:-1\" \/>\n<link rel=\"canonical\" href=\"https:\/\/accent4.com\/preprod\/espace-adherents\/faire-un-don\/\" \/>\n<meta property=\"og:locale\" content=\"fr_FR\" \/>\n<meta property=\"og:type\" content=\"article\" \/>\n<meta property=\"og:title\" content=\"Faire un don \u00e0 Accent 4 &#8211; [PREPROD] Accent 4\" \/>\n<meta property=\"og:url\" content=\"https:\/\/accent4.com\/preprod\/espace-adherents\/faire-un-don\/\" \/>\n<meta property=\"og:site_name\" content=\"[PREPROD] Accent 4\" \/>\n<meta property=\"article:publisher\" content=\"https:\/\/www.facebook.com\/Accent4\/\" \/>\n<meta property=\"article:modified_time\" content=\"2021-05-05T14:10:06+00:00\" \/>\n<meta property=\"og:image\" content=\"https:\/\/accent4.com\/preprod\/wp-content\/uploads\/2020\/09\/Logo-Accen4-2019-1.jpg\" \/>\n\t<meta property=\"og:image:width\" content=\"1600\" \/>\n\t<meta property=\"og:image:height\" content=\"1522\" \/>\n\t<meta property=\"og:image:type\" content=\"image\/jpeg\" \/>\n<meta name=\"twitter:card\" content=\"summary_large_image\" \/>\n<meta name=\"twitter:label1\" content=\"Dur\u00e9e de lecture estim\u00e9e\" \/>\n\t<meta name=\"twitter:data1\" content=\"1 minute\" \/>\n<script type=\"application\/ld+json\" class=\"yoast-schema-graph\">{\"@context\":\"https:\\\/\\\/schema.org\",\"@graph\":[{\"@type\":\"WebPage\",\"@id\":\"https:\\\/\\\/accent4.com\\\/preprod\\\/espace-adherents\\\/faire-un-don\\\/\",\"url\":\"https:\\\/\\\/accent4.com\\\/preprod\\\/espace-adherents\\\/faire-un-don\\\/\",\"name\":\"Faire un don \u00e0 Accent 4 &#8211; [PREPROD] Accent 4\",\"isPartOf\":{\"@id\":\"https:\\\/\\\/accent4.com\\\/preprod\\\/#website\"},\"datePublished\":\"2021-05-05T14:08:37+00:00\",\"dateModified\":\"2021-05-05T14:10:06+00:00\",\"breadcrumb\":{\"@id\":\"https:\\\/\\\/accent4.com\\\/preprod\\\/espace-adherents\\\/faire-un-don\\\/#breadcrumb\"},\"inLanguage\":\"fr-FR\",\"potentialAction\":[{\"@type\":\"ReadAction\",\"target\":[\"https:\\\/\\\/accent4.com\\\/preprod\\\/espace-adherents\\\/faire-un-don\\\/\"]}]},{\"@type\":\"BreadcrumbList\",\"@id\":\"https:\\\/\\\/accent4.com\\\/preprod\\\/espace-adherents\\\/faire-un-don\\\/#breadcrumb\",\"itemListElement\":[{\"@type\":\"ListItem\",\"position\":1,\"name\":\"Home\",\"item\":\"https:\\\/\\\/accent4.com\\\/preprod\\\/\"},{\"@type\":\"ListItem\",\"position\":2,\"name\":\"Espace adh\u00e9rents\",\"item\":\"https:\\\/\\\/accent4.com\\\/preprod\\\/espace-adherents\\\/\"},{\"@type\":\"ListItem\",\"position\":3,\"name\":\"Faire un don \u00e0 Accent 4\"}]},{\"@type\":\"WebSite\",\"@id\":\"https:\\\/\\\/accent4.com\\\/preprod\\\/#website\",\"url\":\"https:\\\/\\\/accent4.com\\\/preprod\\\/\",\"name\":\"Accent 4 - L'instant classique - Radio\",\"description\":\"L&#039;instant classique\",\"publisher\":{\"@id\":\"https:\\\/\\\/accent4.com\\\/preprod\\\/#organization\"},\"potentialAction\":[{\"@type\":\"SearchAction\",\"target\":{\"@type\":\"EntryPoint\",\"urlTemplate\":\"https:\\\/\\\/accent4.com\\\/preprod\\\/?s={search_term_string}\"},\"query-input\":{\"@type\":\"PropertyValueSpecification\",\"valueRequired\":true,\"valueName\":\"search_term_string\"}}],\"inLanguage\":\"fr-FR\"},{\"@type\":\"Organization\",\"@id\":\"https:\\\/\\\/accent4.com\\\/preprod\\\/#organization\",\"name\":\"Accent 4\",\"url\":\"https:\\\/\\\/accent4.com\\\/preprod\\\/\",\"logo\":{\"@type\":\"ImageObject\",\"inLanguage\":\"fr-FR\",\"@id\":\"https:\\\/\\\/accent4.com\\\/preprod\\\/#\\\/schema\\\/logo\\\/image\\\/\",\"url\":\"https:\\\/\\\/accent4.com\\\/preprod\\\/wp-content\\\/uploads\\\/2019\\\/07\\\/cropped-logo-white.png\",\"contentUrl\":\"https:\\\/\\\/accent4.com\\\/preprod\\\/wp-content\\\/uploads\\\/2019\\\/07\\\/cropped-logo-white.png\",\"width\":512,\"height\":512,\"caption\":\"Accent 4\"},\"image\":{\"@id\":\"https:\\\/\\\/accent4.com\\\/preprod\\\/#\\\/schema\\\/logo\\\/image\\\/\"},\"sameAs\":[\"https:\\\/\\\/www.facebook.com\\\/Accent4\\\/\",\"https:\\\/\\\/www.instagram.com\\\/radioaccent4\\\/\"]}]}<\/script>\n<!-- \/ Yoast SEO plugin. -->","yoast_head_json":{"title":"Faire un don \u00e0 Accent 4 &#8211; [PREPROD] Accent 4","robots":{"index":"index","follow":"follow","max-snippet":"max-snippet:-1","max-image-preview":"max-image-preview:large","max-video-preview":"max-video-preview:-1"},"canonical":"https:\/\/accent4.com\/preprod\/espace-adherents\/faire-un-don\/","og_locale":"fr_FR","og_type":"article","og_title":"Faire un don \u00e0 Accent 4 &#8211; [PREPROD] Accent 4","og_url":"https:\/\/accent4.com\/preprod\/espace-adherents\/faire-un-don\/","og_site_name":"[PREPROD] Accent 4","article_publisher":"https:\/\/www.facebook.com\/Accent4\/","article_modified_time":"2021-05-05T14:10:06+00:00","og_image":[{"width":1600,"height":1522,"url":"https:\/\/accent4.com\/preprod\/wp-content\/uploads\/2020\/09\/Logo-Accen4-2019-1.jpg","type":"image\/jpeg"}],"twitter_card":"summary_large_image","twitter_misc":{"Dur\u00e9e de lecture estim\u00e9e":"1 minute"},"schema":{"@context":"https:\/\/schema.org","@graph":[{"@type":"WebPage","@id":"https:\/\/accent4.com\/preprod\/espace-adherents\/faire-un-don\/","url":"https:\/\/accent4.com\/preprod\/espace-adherents\/faire-un-don\/","name":"Faire un don \u00e0 Accent 4 &#8211; [PREPROD] Accent 4","isPartOf":{"@id":"https:\/\/accent4.com\/preprod\/#website"},"datePublished":"2021-05-05T14:08:37+00:00","dateModified":"2021-05-05T14:10:06+00:00","breadcrumb":{"@id":"https:\/\/accent4.com\/preprod\/espace-adherents\/faire-un-don\/#breadcrumb"},"inLanguage":"fr-FR","potentialAction":[{"@type":"ReadAction","target":["https:\/\/accent4.com\/preprod\/espace-adherents\/faire-un-don\/"]}]},{"@type":"BreadcrumbList","@id":"https:\/\/accent4.com\/preprod\/espace-adherents\/faire-un-don\/#breadcrumb","itemListElement":[{"@type":"ListItem","position":1,"name":"Home","item":"https:\/\/accent4.com\/preprod\/"},{"@type":"ListItem","position":2,"name":"Espace adh\u00e9rents","item":"https:\/\/accent4.com\/preprod\/espace-adherents\/"},{"@type":"ListItem","position":3,"name":"Faire un don \u00e0 Accent 4"}]},{"@type":"WebSite","@id":"https:\/\/accent4.com\/preprod\/#website","url":"https:\/\/accent4.com\/preprod\/","name":"Accent 4 - L'instant classique - Radio","description":"L&#039;instant classique","publisher":{"@id":"https:\/\/accent4.com\/preprod\/#organization"},"potentialAction":[{"@type":"SearchAction","target":{"@type":"EntryPoint","urlTemplate":"https:\/\/accent4.com\/preprod\/?s={search_term_string}"},"query-input":{"@type":"PropertyValueSpecification","valueRequired":true,"valueName":"search_term_string"}}],"inLanguage":"fr-FR"},{"@type":"Organization","@id":"https:\/\/accent4.com\/preprod\/#organization","name":"Accent 4","url":"https:\/\/accent4.com\/preprod\/","logo":{"@type":"ImageObject","inLanguage":"fr-FR","@id":"https:\/\/accent4.com\/preprod\/#\/schema\/logo\/image\/","url":"https:\/\/accent4.com\/preprod\/wp-content\/uploads\/2019\/07\/cropped-logo-white.png","contentUrl":"https:\/\/accent4.com\/preprod\/wp-content\/uploads\/2019\/07\/cropped-logo-white.png","width":512,"height":512,"caption":"Accent 4"},"image":{"@id":"https:\/\/accent4.com\/preprod\/#\/schema\/logo\/image\/"},"sameAs":["https:\/\/www.facebook.com\/Accent4\/","https:\/\/www.instagram.com\/radioaccent4\/"]}]}},"_links":{"self":[{"href":"https:\/\/accent4.com\/preprod\/wp-json\/wp\/v2\/pages\/1479","targetHints":{"allow":["GET"]}}],"collection":[{"href":"https:\/\/accent4.com\/preprod\/wp-json\/wp\/v2\/pages"}],"about":[{"href":"https:\/\/accent4.com\/preprod\/wp-json\/wp\/v2\/types\/page"}],"author":[{"embeddable":true,"href":"https:\/\/accent4.com\/preprod\/wp-json\/wp\/v2\/users\/1"}],"replies":[{"embeddable":true,"href":"https:\/\/accent4.com\/preprod\/wp-json\/wp\/v2\/comments?post=1479"}],"version-history":[{"count":0,"href":"https:\/\/accent4.com\/preprod\/wp-json\/wp\/v2\/pages\/1479\/revisions"}],"up":[{"embeddable":true,"href":"https:\/\/accent4.com\/preprod\/wp-json\/wp\/v2\/pages\/76"}],"wp:attachment":[{"href":"https:\/\/accent4.com\/preprod\/wp-json\/wp\/v2\/media?parent=1479"}],"curies":[{"name":"wp","href":"https:\/\/api.w.org\/{rel}","templated":true}]}}