{"id":42,"date":"2019-02-04T12:08:02","date_gmt":"2019-02-04T11:08:02","guid":{"rendered":"https:\/\/accent4.com\/preprod\/?page_id=42"},"modified":"2024-11-08T10:48:52","modified_gmt":"2024-11-08T09:48:52","slug":"qui-sommes-nous","status":"publish","type":"page","link":"https:\/\/accent4.com\/preprod\/qui-sommes-nous\/","title":{"rendered":"Qui sommes-nous ?"},"content":{"rendered":"\n<p class=\"has-normal-font-size\"><strong>Depuis notre cr\u00e9ation en 1985 par l\u2019Association Pour la Promotion de la Musique Classique (APMC), notre mission est rest\u00e9e la m\u00eame : partager et promouvoir la richesse de la musique classique en Alsace et au-del\u00e0.<\/strong><\/p>\n\n\n\n<p><strong>Bas\u00e9e \u00e0 Strasbourg, Accent 4 est une association de droit local (loi 1908), anim\u00e9e par une \u00e9quipe passionn\u00e9e de b\u00e9n\u00e9voles et de professionnels unis par leur amour pour la musique classique. Chaque jour, nous diffusons les plus belles \u0153uvres du r\u00e9pertoire classique et ouvrons nos ondes aux talents de la r\u00e9gion, pour faire r\u00e9sonner la musique classique dans chaque foyer alsacien.<\/strong><\/p>\n\n\n\n<p>Nous croyons en l&rsquo;importance de la culture musicale, et notre vocation est de <strong>soutenir et valoriser la sc\u00e8ne classique locale<\/strong>. Pour ce faire, <strong>Accent 4<\/strong> propose :<\/p>\n\n\n\n<ul class=\"wp-block-list\">\n<li><strong>Une programmation soign\u00e9e<\/strong> offrant un large \u00e9ventail de compositions classiques.<\/li>\n\n\n\n<li><strong>Des partenariats avec les formations et associations musicales locales<\/strong>, permettant \u00e0 chaque acteur de la sc\u00e8ne musicale alsacienne de b\u00e9n\u00e9ficier d&rsquo;une visibilit\u00e9 sur nos ondes.<\/li>\n\n\n\n<li><strong>Des enregistrements de concerts en direct<\/strong>, pour faire vivre \u00e0 notre public les meilleurs moments de la sc\u00e8ne classique r\u00e9gionale.<\/li>\n<\/ul>\n\n\n\n<h3 class=\"wp-block-heading\"><strong>Notre \u00c9quipe<\/strong><\/h3>\n\n\n\n<p>Accent 4, c\u2019est aussi une \u00e9quipe engag\u00e9e pour faire vivre la musique classique en Alsace :<\/p>\n\n\n\n<ul class=\"wp-block-list\">\n<li><strong>Pr\u00e9sident<\/strong> : Simon WARYNSKI<\/li>\n\n\n\n<li><strong>Directeur d\u2019antenne<\/strong> : Laurent GENVO<\/li>\n\n\n\n<li><strong>Direction des programmes<\/strong> : Isabelle LEFEVRE, Laurent GENVO<\/li>\n\n\n\n<li><strong>Direction technique<\/strong> : Denis FENNINGER, Pascal HILAIRE<\/li>\n\n\n\n<li><strong>Responsable technique<\/strong> : Lucas BEORCHIA<\/li>\n\n\n\n<li><strong>Responsable des enregistrements de concerts<\/strong> : Fran\u00e7ois GAUVENET<\/li>\n\n\n\n<li><strong>Tr\u00e9sorier<\/strong> : Jean CARAMAZANA<\/li>\n\n\n\n<li><strong>Secr\u00e9taire comptable<\/strong> : G\u00e9raldine BARTHEL<\/li>\n\n\n\n<li><strong>Relations ext\u00e9rieures<\/strong> : Simon WARYNSKI, Laurent GENVO<\/li>\n\n\n\n<li><strong>Presse et publicit\u00e9<\/strong> : Laurent GENVO<\/li>\n<\/ul>\n\n\n\n<p>Chaque membre de notre \u00e9quipe contribue avec passion pour offrir une exp\u00e9rience d\u2019\u00e9coute unique \u00e0 tous nos auditeurs.<\/p>\n\n\n\n<h3 class=\"wp-block-heading\"><strong>Contactez-nous<\/strong><\/h3>\n\n\n\n<p>Envie de d\u00e9couvrir notre programmation, de nous faire part de vos suggestions, ou de collaborer avec nous ? Contactez-nous !<\/p>\n\n\n\n<ul class=\"wp-block-list\">\n<li><strong>Adresse<\/strong> : 8, place de Bordeaux, 67000 Strasbourg<\/li>\n\n\n\n<li><strong>T\u00e9l\u00e9phone<\/strong> : 03 88 75 12 03<\/li>\n\n\n\n<li><strong>Email<\/strong> : <a href=\"mailto:contact@accent4.com\">contact@accent4.com<\/a><\/li>\n\n\n\n<li><\/li>\n<\/ul>\n\n\n\n<p class=\"has-normal-font-size\"><strong>Rejoignez-nous sur les ondes pour vibrer au son des chefs-d&rsquo;\u0153uvre de la musique classique et soutenir la sc\u00e8ne musicale alsacienne !<br><\/strong><\/p>\n\n\n\n<p><\/p>\n","protected":false},"excerpt":{"rendered":"<p>Bas\u00e9e \u00e0 Strasbourg, Accent 4 est une association, anim\u00e9e par une \u00e9quipe passionn\u00e9e de b\u00e9n\u00e9voles et de professionnels unis par leur amour pour la musique classique.<\/p>\n","protected":false},"author":1,"featured_media":10608,"parent":0,"menu_order":0,"comment_status":"closed","ping_status":"closed","template":"","meta":{"_monsterinsights_skip_tracking":false,"_monsterinsights_sitenote_active":false,"_monsterinsights_sitenote_note":"","_monsterinsights_sitenote_category":0,"_uf_show_specific_survey":0,"_uf_disable_surveys":false,"episode_type":"","audio_file":"","podmotor_file_id":"","podmotor_episode_id":"","cover_image":"","cover_image_id":"","duration":"","filesize":"","filesize_raw":"","date_recorded":"","explicit":"","block":"","itunes_episode_number":"","itunes_title":"","itunes_season_number":"","itunes_episode_type":"","jnews_page_loop":{"enable_page_loop":"0","first_title":"Latest Post","second_title":"","header_type":"heading_6","header_background":"","header_text_color":"","layout":"right-sidebar","sidebar":"default-sidebar","second_sidebar":"default-sidebar","sticky_sidebar":"1","module":"3","boxed":"0","boxed_shadow":"0","box_shadow":"0","excerpt_length":"20","content_date":"default","date_custom":"Y\/m\/d","content_pagination":"nav_1","pagination_align":"center","show_navtext":"0","show_pageinfo":"0","post_offset":"0","posts_per_page":"5","include_post":"","exclude_post":"","include_category":"","exclude_category":"","include_author":"","include_tag":"","exclude_tag":"","sort_by":"latest"},"jnews_single_page":{"layout":"right-sidebar","sidebar":"default-sidebar","second_sidebar":"default-sidebar","sticky_sidebar":"1","show_post_featured":"1","show_post_meta":"0","share_position":"hide","share_color":"share-monocrhome"},"footnotes":""},"class_list":["post-42","page","type-page","status-publish","has-post-thumbnail","hentry"],"yoast_head":"<!-- This site is optimized with the Yoast SEO plugin v27.4 - https:\/\/yoast.com\/product\/yoast-seo-wordpress\/ -->\n<title>Qui sommes-nous ? &#8211; [PREPROD] Accent 4<\/title>\n<meta name=\"description\" content=\"Depuis notre cr\u00e9ation en 1985 par l\u2019Association Pour la Promotion de la Musique Classique (APMC), notre mission est rest\u00e9e la m\u00eame : partager et promouvoir la richesse de la musique classique en Alsace et au-del\u00e0.\" \/>\n<meta name=\"robots\" content=\"index, follow, max-snippet:-1, max-image-preview:large, max-video-preview:-1\" \/>\n<link rel=\"canonical\" href=\"https:\/\/accent4.com\/preprod\/qui-sommes-nous\/\" \/>\n<meta property=\"og:locale\" content=\"fr_FR\" \/>\n<meta property=\"og:type\" content=\"article\" \/>\n<meta property=\"og:title\" content=\"Qui sommes-nous ? &#8211; [PREPROD] Accent 4\" \/>\n<meta property=\"og:description\" content=\"Depuis notre cr\u00e9ation en 1985 par l\u2019Association Pour la Promotion de la Musique Classique (APMC), notre mission est rest\u00e9e la m\u00eame : partager et promouvoir la richesse de la musique classique en Alsace et au-del\u00e0.\" \/>\n<meta property=\"og:url\" content=\"https:\/\/accent4.com\/preprod\/qui-sommes-nous\/\" \/>\n<meta property=\"og:site_name\" content=\"[PREPROD] Accent 4\" \/>\n<meta property=\"article:publisher\" content=\"https:\/\/www.facebook.com\/Accent4\/\" \/>\n<meta property=\"article:modified_time\" content=\"2024-11-08T09:48:52+00:00\" \/>\n<meta property=\"og:image\" content=\"https:\/\/accent4.com\/preprod\/wp-content\/uploads\/2024\/09\/Design-sans-titre-3.jpg\" \/>\n\t<meta property=\"og:image:width\" content=\"1200\" \/>\n\t<meta property=\"og:image:height\" content=\"675\" \/>\n\t<meta property=\"og:image:type\" content=\"image\/jpeg\" \/>\n<meta name=\"twitter:card\" content=\"summary_large_image\" \/>\n<meta name=\"twitter:label1\" content=\"Dur\u00e9e de lecture estim\u00e9e\" \/>\n\t<meta name=\"twitter:data1\" content=\"2 minutes\" \/>\n<script type=\"application\/ld+json\" class=\"yoast-schema-graph\">{\"@context\":\"https:\\\/\\\/schema.org\",\"@graph\":[{\"@type\":\"WebPage\",\"@id\":\"https:\\\/\\\/accent4.com\\\/preprod\\\/qui-sommes-nous\\\/\",\"url\":\"https:\\\/\\\/accent4.com\\\/preprod\\\/qui-sommes-nous\\\/\",\"name\":\"Qui sommes-nous ? &#8211; [PREPROD] Accent 4\",\"isPartOf\":{\"@id\":\"https:\\\/\\\/accent4.com\\\/preprod\\\/#website\"},\"primaryImageOfPage\":{\"@id\":\"https:\\\/\\\/accent4.com\\\/preprod\\\/qui-sommes-nous\\\/#primaryimage\"},\"image\":{\"@id\":\"https:\\\/\\\/accent4.com\\\/preprod\\\/qui-sommes-nous\\\/#primaryimage\"},\"thumbnailUrl\":\"https:\\\/\\\/accent4.com\\\/preprod\\\/wp-content\\\/uploads\\\/2024\\\/09\\\/Design-sans-titre-3.jpg\",\"datePublished\":\"2019-02-04T11:08:02+00:00\",\"dateModified\":\"2024-11-08T09:48:52+00:00\",\"description\":\"Depuis notre cr\u00e9ation en 1985 par l\u2019Association Pour la Promotion de la Musique Classique (APMC), notre mission est rest\u00e9e la m\u00eame : partager et promouvoir la richesse de la musique classique en Alsace et au-del\u00e0.\",\"breadcrumb\":{\"@id\":\"https:\\\/\\\/accent4.com\\\/preprod\\\/qui-sommes-nous\\\/#breadcrumb\"},\"inLanguage\":\"fr-FR\",\"potentialAction\":[{\"@type\":\"ReadAction\",\"target\":[\"https:\\\/\\\/accent4.com\\\/preprod\\\/qui-sommes-nous\\\/\"]}]},{\"@type\":\"ImageObject\",\"inLanguage\":\"fr-FR\",\"@id\":\"https:\\\/\\\/accent4.com\\\/preprod\\\/qui-sommes-nous\\\/#primaryimage\",\"url\":\"https:\\\/\\\/accent4.com\\\/preprod\\\/wp-content\\\/uploads\\\/2024\\\/09\\\/Design-sans-titre-3.jpg\",\"contentUrl\":\"https:\\\/\\\/accent4.com\\\/preprod\\\/wp-content\\\/uploads\\\/2024\\\/09\\\/Design-sans-titre-3.jpg\",\"width\":1200,\"height\":675},{\"@type\":\"BreadcrumbList\",\"@id\":\"https:\\\/\\\/accent4.com\\\/preprod\\\/qui-sommes-nous\\\/#breadcrumb\",\"itemListElement\":[{\"@type\":\"ListItem\",\"position\":1,\"name\":\"Home\",\"item\":\"https:\\\/\\\/accent4.com\\\/preprod\\\/\"},{\"@type\":\"ListItem\",\"position\":2,\"name\":\"Qui sommes-nous ?\"}]},{\"@type\":\"WebSite\",\"@id\":\"https:\\\/\\\/accent4.com\\\/preprod\\\/#website\",\"url\":\"https:\\\/\\\/accent4.com\\\/preprod\\\/\",\"name\":\"Accent 4 - L'instant classique - Radio\",\"description\":\"L&#039;instant classique\",\"publisher\":{\"@id\":\"https:\\\/\\\/accent4.com\\\/preprod\\\/#organization\"},\"potentialAction\":[{\"@type\":\"SearchAction\",\"target\":{\"@type\":\"EntryPoint\",\"urlTemplate\":\"https:\\\/\\\/accent4.com\\\/preprod\\\/?s={search_term_string}\"},\"query-input\":{\"@type\":\"PropertyValueSpecification\",\"valueRequired\":true,\"valueName\":\"search_term_string\"}}],\"inLanguage\":\"fr-FR\"},{\"@type\":\"Organization\",\"@id\":\"https:\\\/\\\/accent4.com\\\/preprod\\\/#organization\",\"name\":\"Accent 4\",\"url\":\"https:\\\/\\\/accent4.com\\\/preprod\\\/\",\"logo\":{\"@type\":\"ImageObject\",\"inLanguage\":\"fr-FR\",\"@id\":\"https:\\\/\\\/accent4.com\\\/preprod\\\/#\\\/schema\\\/logo\\\/image\\\/\",\"url\":\"https:\\\/\\\/accent4.com\\\/preprod\\\/wp-content\\\/uploads\\\/2019\\\/07\\\/cropped-logo-white.png\",\"contentUrl\":\"https:\\\/\\\/accent4.com\\\/preprod\\\/wp-content\\\/uploads\\\/2019\\\/07\\\/cropped-logo-white.png\",\"width\":512,\"height\":512,\"caption\":\"Accent 4\"},\"image\":{\"@id\":\"https:\\\/\\\/accent4.com\\\/preprod\\\/#\\\/schema\\\/logo\\\/image\\\/\"},\"sameAs\":[\"https:\\\/\\\/www.facebook.com\\\/Accent4\\\/\",\"https:\\\/\\\/www.instagram.com\\\/radioaccent4\\\/\"]}]}<\/script>\n<!-- \/ Yoast SEO plugin. -->","yoast_head_json":{"title":"Qui sommes-nous ? &#8211; [PREPROD] Accent 4","description":"Depuis notre cr\u00e9ation en 1985 par l\u2019Association Pour la Promotion de la Musique Classique (APMC), notre mission est rest\u00e9e la m\u00eame : partager et promouvoir la richesse de la musique classique en Alsace et au-del\u00e0.","robots":{"index":"index","follow":"follow","max-snippet":"max-snippet:-1","max-image-preview":"max-image-preview:large","max-video-preview":"max-video-preview:-1"},"canonical":"https:\/\/accent4.com\/preprod\/qui-sommes-nous\/","og_locale":"fr_FR","og_type":"article","og_title":"Qui sommes-nous ? &#8211; [PREPROD] Accent 4","og_description":"Depuis notre cr\u00e9ation en 1985 par l\u2019Association Pour la Promotion de la Musique Classique (APMC), notre mission est rest\u00e9e la m\u00eame : partager et promouvoir la richesse de la musique classique en Alsace et au-del\u00e0.","og_url":"https:\/\/accent4.com\/preprod\/qui-sommes-nous\/","og_site_name":"[PREPROD] Accent 4","article_publisher":"https:\/\/www.facebook.com\/Accent4\/","article_modified_time":"2024-11-08T09:48:52+00:00","og_image":[{"width":1200,"height":675,"url":"https:\/\/accent4.com\/preprod\/wp-content\/uploads\/2024\/09\/Design-sans-titre-3.jpg","type":"image\/jpeg"}],"twitter_card":"summary_large_image","twitter_misc":{"Dur\u00e9e de lecture estim\u00e9e":"2 minutes"},"schema":{"@context":"https:\/\/schema.org","@graph":[{"@type":"WebPage","@id":"https:\/\/accent4.com\/preprod\/qui-sommes-nous\/","url":"https:\/\/accent4.com\/preprod\/qui-sommes-nous\/","name":"Qui sommes-nous ? &#8211; [PREPROD] Accent 4","isPartOf":{"@id":"https:\/\/accent4.com\/preprod\/#website"},"primaryImageOfPage":{"@id":"https:\/\/accent4.com\/preprod\/qui-sommes-nous\/#primaryimage"},"image":{"@id":"https:\/\/accent4.com\/preprod\/qui-sommes-nous\/#primaryimage"},"thumbnailUrl":"https:\/\/accent4.com\/preprod\/wp-content\/uploads\/2024\/09\/Design-sans-titre-3.jpg","datePublished":"2019-02-04T11:08:02+00:00","dateModified":"2024-11-08T09:48:52+00:00","description":"Depuis notre cr\u00e9ation en 1985 par l\u2019Association Pour la Promotion de la Musique Classique (APMC), notre mission est rest\u00e9e la m\u00eame : partager et promouvoir la richesse de la musique classique en Alsace et au-del\u00e0.","breadcrumb":{"@id":"https:\/\/accent4.com\/preprod\/qui-sommes-nous\/#breadcrumb"},"inLanguage":"fr-FR","potentialAction":[{"@type":"ReadAction","target":["https:\/\/accent4.com\/preprod\/qui-sommes-nous\/"]}]},{"@type":"ImageObject","inLanguage":"fr-FR","@id":"https:\/\/accent4.com\/preprod\/qui-sommes-nous\/#primaryimage","url":"https:\/\/accent4.com\/preprod\/wp-content\/uploads\/2024\/09\/Design-sans-titre-3.jpg","contentUrl":"https:\/\/accent4.com\/preprod\/wp-content\/uploads\/2024\/09\/Design-sans-titre-3.jpg","width":1200,"height":675},{"@type":"BreadcrumbList","@id":"https:\/\/accent4.com\/preprod\/qui-sommes-nous\/#breadcrumb","itemListElement":[{"@type":"ListItem","position":1,"name":"Home","item":"https:\/\/accent4.com\/preprod\/"},{"@type":"ListItem","position":2,"name":"Qui sommes-nous ?"}]},{"@type":"WebSite","@id":"https:\/\/accent4.com\/preprod\/#website","url":"https:\/\/accent4.com\/preprod\/","name":"Accent 4 - L'instant classique - Radio","description":"L&#039;instant classique","publisher":{"@id":"https:\/\/accent4.com\/preprod\/#organization"},"potentialAction":[{"@type":"SearchAction","target":{"@type":"EntryPoint","urlTemplate":"https:\/\/accent4.com\/preprod\/?s={search_term_string}"},"query-input":{"@type":"PropertyValueSpecification","valueRequired":true,"valueName":"search_term_string"}}],"inLanguage":"fr-FR"},{"@type":"Organization","@id":"https:\/\/accent4.com\/preprod\/#organization","name":"Accent 4","url":"https:\/\/accent4.com\/preprod\/","logo":{"@type":"ImageObject","inLanguage":"fr-FR","@id":"https:\/\/accent4.com\/preprod\/#\/schema\/logo\/image\/","url":"https:\/\/accent4.com\/preprod\/wp-content\/uploads\/2019\/07\/cropped-logo-white.png","contentUrl":"https:\/\/accent4.com\/preprod\/wp-content\/uploads\/2019\/07\/cropped-logo-white.png","width":512,"height":512,"caption":"Accent 4"},"image":{"@id":"https:\/\/accent4.com\/preprod\/#\/schema\/logo\/image\/"},"sameAs":["https:\/\/www.facebook.com\/Accent4\/","https:\/\/www.instagram.com\/radioaccent4\/"]}]}},"_links":{"self":[{"href":"https:\/\/accent4.com\/preprod\/wp-json\/wp\/v2\/pages\/42","targetHints":{"allow":["GET"]}}],"collection":[{"href":"https:\/\/accent4.com\/preprod\/wp-json\/wp\/v2\/pages"}],"about":[{"href":"https:\/\/accent4.com\/preprod\/wp-json\/wp\/v2\/types\/page"}],"author":[{"embeddable":true,"href":"https:\/\/accent4.com\/preprod\/wp-json\/wp\/v2\/users\/1"}],"replies":[{"embeddable":true,"href":"https:\/\/accent4.com\/preprod\/wp-json\/wp\/v2\/comments?post=42"}],"version-history":[{"count":0,"href":"https:\/\/accent4.com\/preprod\/wp-json\/wp\/v2\/pages\/42\/revisions"}],"wp:featuredmedia":[{"embeddable":true,"href":"https:\/\/accent4.com\/preprod\/wp-json\/wp\/v2\/media\/10608"}],"wp:attachment":[{"href":"https:\/\/accent4.com\/preprod\/wp-json\/wp\/v2\/media?parent=42"}],"curies":[{"name":"wp","href":"https:\/\/api.w.org\/{rel}","templated":true}]}}