{"id":71,"date":"2019-02-04T21:03:40","date_gmt":"2019-02-04T20:03:40","guid":{"rendered":"https:\/\/accent4.com\/preprod\/register\/"},"modified":"2019-02-04T21:21:12","modified_gmt":"2019-02-04T20:21:12","slug":"adhesion","status":"publish","type":"page","link":"https:\/\/accent4.com\/preprod\/espace-adherents\/adhesion\/","title":{"rendered":"Adh\u00e9sion \u00e0 Accent 4"},"content":{"rendered":"\n<h3 class=\"rcp_header\">\n\tEnregistrement nouveau compte<\/h3>\n\n\n<form id=\"rcp_registration_form\" class=\"rcp_form\" method=\"POST\" action=\"https:\/\/accent4.com\/preprod\/wp-json\/wp\/v2\/pages\/71\/\">\n\n\t\n\t\t\t<div class=\"rcp_login_link\">\n\t\t\t<p>Vous avez d\u00e9j\u00e0 \u00e9t\u00e9 adh\u00e9rent ? <a href=\"https:\/\/accent4.com\/preprod\/espace-adherents\/?redirect=https%3A%2F%2Faccent4.com%2Fpreprod%2Fwp-json%2Fwp%2Fv2%2Fpages%2F71%2F\">Connectez-vous<\/a> pour renouveler votre adh\u00e9sion ou <a href=\"\/contact\/\">contactez-nous<\/a> pour obtenir vos identifiants de connexion.<\/p>\n\t\t<\/div>\n\n\t\t    <legend>Vos informations<\/legend>\n    \n\t\t<fieldset class=\"rcp_user_fieldset\">\n\t\t\t<p id=\"rcp_user_login_wrap\">\n\t\t\t\t<label for=\"rcp_user_login\">Identifiant<\/label>\n\t\t\t\t<input name=\"rcp_user_login\" id=\"rcp_user_login\" class=\"required\" type=\"text\" \/>\n\t\t\t<\/p>\n\t\t\t<p id=\"rcp_user_email_wrap\">\n\t\t\t\t<label for=\"rcp_user_email\">Adresse e-mail<\/label>\n\t\t\t\t<input name=\"rcp_user_email\" id=\"rcp_user_email\" class=\"required\" type=\"text\" \/>\n\t\t\t<\/p>\n\t\t\t<p id=\"rcp_user_first_wrap\" class=\"inline\">\n\t\t\t\t<label for=\"rcp_user_first\">Pr\u00e9nom<\/label>\n\t\t\t\t<input name=\"rcp_user_first\" id=\"rcp_user_first\" type=\"text\" \/>\n\t\t\t<\/p>\n\t\t\t<p id=\"rcp_user_last_wrap\" class=\"inline-block\">\n\t\t\t\t<label for=\"rcp_user_last\">Nom<\/label>\n\t\t\t\t<input name=\"rcp_user_last\" id=\"rcp_user_last\" type=\"text\" \/>\n\t\t\t<\/p>\n\t\t\t<p id=\"rcp_password_wrap\" class=\"inline\">\n\t\t\t\t<label for=\"rcp_password\">Mot de passe<\/label>\n\t\t\t\t<input name=\"rcp_user_pass\" id=\"rcp_password\" class=\"required\" type=\"password\"\/>\n\t\t\t<\/p>\n\t\t\t<p id=\"rcp_password_again_wrap\" class=\"inline-block\">\n\t\t\t\t<label for=\"rcp_password_again\">Confirmation du mot de passe<\/label>\n\t\t\t\t<input name=\"rcp_user_pass_confirm\" id=\"rcp_password_again\" class=\"required\" type=\"password\"\/>\n\t\t\t<\/p>\n\n\t\t\t    <p id=\"rcp_address_wrap\">\n        <label for=\"rcp_address\">Adresse&nbsp;:<\/label>\n        <input name=\"rcp_address\" id=\"rcp_address\" type=\"text\" value=\"\">\n    <\/p>\n    <p id=\"rcp_address2_wrap\">\n        <label for=\"rcp_address2\">Compl\u00e9ment d'adresse&nbsp;:<\/label>\n        <input name=\"rcp_address2\" id=\"rcp_address2\" type=\"text\" value=\"\">\n    <\/p>\n    <p id=\"rcp_postcode_wrap\">\n        <label for=\"rcp_postcode\">Code postal&nbsp;:<\/label>\n        <input name=\"rcp_postcode\" id=\"rcp_postcode\" type=\"text\" maxlength=\"5\" value=\"\">\n    <\/p>\n    <p id=\"rcp_city_wrap\">\n        <label for=\"rcp_city\">Ville&nbsp;:<\/label>\n        <input name=\"rcp_city\" id=\"rcp_city\" type=\"text\" value=\"\">\n    <\/p>\n    <p id=\"rcp_country_wrap\">\n        <label for=\"rcp_country\">Pays&nbsp;:<\/label>\n        <input name=\"rcp_country\" id=\"rcp_country\" type=\"text\" value=\"France\">\n    <\/p>\n    <p id=\"rcp_phone_wrap\">\n        <label for=\"rcp_phone\">Num\u00e9ro de t\u00e9l\u00e9phone&nbsp;:<\/label>\n        <input name=\"rcp_phone\" id=\"rcp_phone\" type=\"text\" value=\"\">\n    <\/p>\n    <p id=\"rcp_company_wrap\">\n        <label for=\"rcp_company\">Entreprise (facultatif)&nbsp;:<\/label>\n        <input name=\"rcp_company\" id=\"rcp_company\" type=\"text\" value=\"\">\n    <\/p>\n    \n\t\t<\/fieldset>\n\t\n\t\n\t\t\t\t<fieldset class=\"rcp_subscription_fieldset\">\n\t\t\t\t\t\t\t\t\t<p class=\"rcp_subscription_message\">Choisissez votre niveau d'adh\u00e9sion<\/p>\n\t\t\t\t\t\t<ul id=\"rcp_subscription_levels\">\n\t\t\t\t\t\t\t\t\t\t\t\t\t\t<li class=\"rcp_subscription_level rcp_subscription_level_1\">\n\t\t\t\t\t\t<input type=\"radio\" id=\"rcp_subscription_level_1\" class=\"required rcp_level\" checked=\"checked\" name=\"rcp_level\" rel=\"45\" value=\"1\" \/>\n\t\t\t\t\t\t<label for=\"rcp_subscription_level_1\">\n\t\t\t\t\t\t\t<span class=\"rcp_subscription_level_name\">Adh\u00e9sion 100% Num\u00e9rique<\/span><span class=\"rcp_separator\">&nbsp;-&nbsp;<\/span><span class=\"rcp_price\" rel=\"45\">45,00&#8364;<\/span><span class=\"rcp_separator\">&nbsp;-&nbsp;<\/span>\n\t\t\t\t\t\t\t<span class=\"rcp_level_duration\">1&nbsp;ann\u00e9e<\/span>\n\t\t\t\t\t\t\t\t\t\t\t\t\t\t<div class=\"rcp_level_description\"> Adh\u00e9rez \u00e0 Accent 4 pour un an et acc\u00e9dez \u00e0 nos archives dans leur int\u00e9gralit\u00e9.<\/div>\n\t\t\t\t\t\t<\/label>\n\t\t\t\t\t<\/li>\n\t\t\t\t\t\t\t\t\t\t\t\t\t\t\t\t\t\t\t<li class=\"rcp_subscription_level rcp_subscription_level_2\">\n\t\t\t\t\t\t<input type=\"radio\" id=\"rcp_subscription_level_2\" class=\"required rcp_level\"  name=\"rcp_level\" rel=\"65\" value=\"2\" \/>\n\t\t\t\t\t\t<label for=\"rcp_subscription_level_2\">\n\t\t\t\t\t\t\t<span class=\"rcp_subscription_level_name\">Adh\u00e9sion 100% Num\u00e9rique - Couple<\/span><span class=\"rcp_separator\">&nbsp;-&nbsp;<\/span><span class=\"rcp_price\" rel=\"65\">65,00&#8364;<\/span><span class=\"rcp_separator\">&nbsp;-&nbsp;<\/span>\n\t\t\t\t\t\t\t<span class=\"rcp_level_duration\">1&nbsp;ann\u00e9e<\/span>\n\t\t\t\t\t\t\t\t\t\t\t\t\t\t<div class=\"rcp_level_description\"> Adh\u00e9rez \u00e0 Accent 4 pour un an et acc\u00e9dez \u00e0 nos archives dans leur int\u00e9gralit\u00e9. (2 personnes)<\/div>\n\t\t\t\t\t\t<\/label>\n\t\t\t\t\t<\/li>\n\t\t\t\t\t\t\t\t\t\t\t\t<\/ul>\n\t\t\t\t<\/fieldset>\n\t\t<div class=\"rcp_registration_total\"><\/div>\n\t\t\t<div class=\"rcp_gateway_fields\">\n\t\t\t\t\t\t\t\t\t\t\t\t<input type=\"hidden\" name=\"rcp_gateway\" value=\"stripe\" data-supports-recurring=\"yes\" data-supports-trial=\"yes\"\/>\n\t\t\t\t\t\t\t\t\t<\/div>\n\t\n\t\n\t\n\t\t<input type=\"hidden\" id=\"rcp-registration-type\" name=\"registration_type\" value=\"\" \/>\n\t<input type=\"hidden\" id=\"rcp-membership-id\" name=\"membership_id\" value=\"0\" \/>\n\t<input type=\"hidden\" id=\"rcp-payment-id\" name=\"rcp_registration_payment_id\" value=\"0\" \/>\n\t\n\t\n\t<p id=\"rcp_submit_wrap\">\n\t\t\t\t<input type=\"hidden\" name=\"rcp_register_nonce\" value=\"5725736872\"\/>\n\t\t<input type=\"submit\" name=\"rcp_submit_registration\" id=\"rcp_submit\" class=\"rcp-button\" value=\"Valider\"\/>\n\t<\/p>\n<\/form>\n\n","protected":false},"excerpt":{"rendered":"","protected":false},"author":1,"featured_media":0,"parent":76,"menu_order":0,"comment_status":"closed","ping_status":"closed","template":"","meta":{"_monsterinsights_skip_tracking":false,"_monsterinsights_sitenote_active":false,"_monsterinsights_sitenote_note":"","_monsterinsights_sitenote_category":0,"_uf_show_specific_survey":0,"_uf_disable_surveys":false,"episode_type":"","audio_file":"","podmotor_file_id":"","podmotor_episode_id":"","cover_image":"","cover_image_id":"","duration":"","filesize":"","filesize_raw":"","date_recorded":"","explicit":"","block":"","itunes_episode_number":"","itunes_title":"","itunes_season_number":"","itunes_episode_type":"","jnews_page_loop":{"first_title":"Latest Post","second_title":"","header_type":"heading_6","header_background":"","header_text_color":"","layout":"right-sidebar","sidebar":"default-sidebar","second_sidebar":"default-sidebar","sticky_sidebar":"1","module":"3","excerpt_length":"20","content_date":"default","date_custom":"Y\/m\/d","content_pagination":"nav_1","pagination_align":"center","post_offset":"0","posts_per_page":"5","include_post":"","exclude_post":"","include_category":"","exclude_category":"","include_author":"","include_tag":"","exclude_tag":"","sort_by":"latest"},"jnews_single_page":{"layout":"no-sidebar","sidebar":"default-sidebar","second_sidebar":"default-sidebar","sticky_sidebar":"1","show_post_featured":"1","share_position":"hide","share_color":"share-monocrhome"},"footnotes":""},"class_list":["post-71","page","type-page","status-publish","hentry"],"yoast_head":"<!-- This site is optimized with the Yoast SEO plugin v27.4 - https:\/\/yoast.com\/product\/yoast-seo-wordpress\/ -->\n<title>Adh\u00e9sion \u00e0 Accent 4 &#8211; [PREPROD] Accent 4<\/title>\n<meta name=\"robots\" content=\"index, follow, max-snippet:-1, max-image-preview:large, max-video-preview:-1\" \/>\n<link rel=\"canonical\" href=\"https:\/\/accent4.com\/preprod\/espace-adherents\/adhesion\/\" \/>\n<meta property=\"og:locale\" content=\"fr_FR\" \/>\n<meta property=\"og:type\" content=\"article\" \/>\n<meta property=\"og:title\" content=\"Adh\u00e9sion \u00e0 Accent 4 &#8211; [PREPROD] Accent 4\" \/>\n<meta property=\"og:url\" content=\"https:\/\/accent4.com\/preprod\/espace-adherents\/adhesion\/\" \/>\n<meta property=\"og:site_name\" content=\"[PREPROD] Accent 4\" \/>\n<meta property=\"article:publisher\" content=\"https:\/\/www.facebook.com\/Accent4\/\" \/>\n<meta property=\"article:modified_time\" content=\"2019-02-04T20:21:12+00:00\" \/>\n<meta property=\"og:image\" content=\"https:\/\/accent4.com\/preprod\/wp-content\/uploads\/2020\/09\/Logo-Accen4-2019-1.jpg\" \/>\n\t<meta property=\"og:image:width\" content=\"1600\" \/>\n\t<meta property=\"og:image:height\" content=\"1522\" \/>\n\t<meta property=\"og:image:type\" content=\"image\/jpeg\" \/>\n<meta name=\"twitter:card\" content=\"summary_large_image\" \/>\n<script type=\"application\/ld+json\" class=\"yoast-schema-graph\">{\"@context\":\"https:\\\/\\\/schema.org\",\"@graph\":[{\"@type\":\"WebPage\",\"@id\":\"https:\\\/\\\/accent4.com\\\/preprod\\\/espace-adherents\\\/adhesion\\\/\",\"url\":\"https:\\\/\\\/accent4.com\\\/preprod\\\/espace-adherents\\\/adhesion\\\/\",\"name\":\"Adh\u00e9sion \u00e0 Accent 4 &#8211; [PREPROD] Accent 4\",\"isPartOf\":{\"@id\":\"https:\\\/\\\/accent4.com\\\/preprod\\\/#website\"},\"datePublished\":\"2019-02-04T20:03:40+00:00\",\"dateModified\":\"2019-02-04T20:21:12+00:00\",\"breadcrumb\":{\"@id\":\"https:\\\/\\\/accent4.com\\\/preprod\\\/espace-adherents\\\/adhesion\\\/#breadcrumb\"},\"inLanguage\":\"fr-FR\",\"potentialAction\":[{\"@type\":\"ReadAction\",\"target\":[\"https:\\\/\\\/accent4.com\\\/preprod\\\/espace-adherents\\\/adhesion\\\/\"]}]},{\"@type\":\"BreadcrumbList\",\"@id\":\"https:\\\/\\\/accent4.com\\\/preprod\\\/espace-adherents\\\/adhesion\\\/#breadcrumb\",\"itemListElement\":[{\"@type\":\"ListItem\",\"position\":1,\"name\":\"Home\",\"item\":\"https:\\\/\\\/accent4.com\\\/preprod\\\/\"},{\"@type\":\"ListItem\",\"position\":2,\"name\":\"Espace adh\u00e9rents\",\"item\":\"https:\\\/\\\/accent4.com\\\/preprod\\\/espace-adherents\\\/\"},{\"@type\":\"ListItem\",\"position\":3,\"name\":\"Adh\u00e9sion \u00e0 Accent 4\"}]},{\"@type\":\"WebSite\",\"@id\":\"https:\\\/\\\/accent4.com\\\/preprod\\\/#website\",\"url\":\"https:\\\/\\\/accent4.com\\\/preprod\\\/\",\"name\":\"Accent 4 - L'instant classique - Radio\",\"description\":\"L&#039;instant classique\",\"publisher\":{\"@id\":\"https:\\\/\\\/accent4.com\\\/preprod\\\/#organization\"},\"potentialAction\":[{\"@type\":\"SearchAction\",\"target\":{\"@type\":\"EntryPoint\",\"urlTemplate\":\"https:\\\/\\\/accent4.com\\\/preprod\\\/?s={search_term_string}\"},\"query-input\":{\"@type\":\"PropertyValueSpecification\",\"valueRequired\":true,\"valueName\":\"search_term_string\"}}],\"inLanguage\":\"fr-FR\"},{\"@type\":\"Organization\",\"@id\":\"https:\\\/\\\/accent4.com\\\/preprod\\\/#organization\",\"name\":\"Accent 4\",\"url\":\"https:\\\/\\\/accent4.com\\\/preprod\\\/\",\"logo\":{\"@type\":\"ImageObject\",\"inLanguage\":\"fr-FR\",\"@id\":\"https:\\\/\\\/accent4.com\\\/preprod\\\/#\\\/schema\\\/logo\\\/image\\\/\",\"url\":\"https:\\\/\\\/accent4.com\\\/preprod\\\/wp-content\\\/uploads\\\/2019\\\/07\\\/cropped-logo-white.png\",\"contentUrl\":\"https:\\\/\\\/accent4.com\\\/preprod\\\/wp-content\\\/uploads\\\/2019\\\/07\\\/cropped-logo-white.png\",\"width\":512,\"height\":512,\"caption\":\"Accent 4\"},\"image\":{\"@id\":\"https:\\\/\\\/accent4.com\\\/preprod\\\/#\\\/schema\\\/logo\\\/image\\\/\"},\"sameAs\":[\"https:\\\/\\\/www.facebook.com\\\/Accent4\\\/\",\"https:\\\/\\\/www.instagram.com\\\/radioaccent4\\\/\"]}]}<\/script>\n<!-- \/ Yoast SEO plugin. -->","yoast_head_json":{"title":"Adh\u00e9sion \u00e0 Accent 4 &#8211; [PREPROD] Accent 4","robots":{"index":"index","follow":"follow","max-snippet":"max-snippet:-1","max-image-preview":"max-image-preview:large","max-video-preview":"max-video-preview:-1"},"canonical":"https:\/\/accent4.com\/preprod\/espace-adherents\/adhesion\/","og_locale":"fr_FR","og_type":"article","og_title":"Adh\u00e9sion \u00e0 Accent 4 &#8211; [PREPROD] Accent 4","og_url":"https:\/\/accent4.com\/preprod\/espace-adherents\/adhesion\/","og_site_name":"[PREPROD] Accent 4","article_publisher":"https:\/\/www.facebook.com\/Accent4\/","article_modified_time":"2019-02-04T20:21:12+00:00","og_image":[{"width":1600,"height":1522,"url":"https:\/\/accent4.com\/preprod\/wp-content\/uploads\/2020\/09\/Logo-Accen4-2019-1.jpg","type":"image\/jpeg"}],"twitter_card":"summary_large_image","schema":{"@context":"https:\/\/schema.org","@graph":[{"@type":"WebPage","@id":"https:\/\/accent4.com\/preprod\/espace-adherents\/adhesion\/","url":"https:\/\/accent4.com\/preprod\/espace-adherents\/adhesion\/","name":"Adh\u00e9sion \u00e0 Accent 4 &#8211; [PREPROD] Accent 4","isPartOf":{"@id":"https:\/\/accent4.com\/preprod\/#website"},"datePublished":"2019-02-04T20:03:40+00:00","dateModified":"2019-02-04T20:21:12+00:00","breadcrumb":{"@id":"https:\/\/accent4.com\/preprod\/espace-adherents\/adhesion\/#breadcrumb"},"inLanguage":"fr-FR","potentialAction":[{"@type":"ReadAction","target":["https:\/\/accent4.com\/preprod\/espace-adherents\/adhesion\/"]}]},{"@type":"BreadcrumbList","@id":"https:\/\/accent4.com\/preprod\/espace-adherents\/adhesion\/#breadcrumb","itemListElement":[{"@type":"ListItem","position":1,"name":"Home","item":"https:\/\/accent4.com\/preprod\/"},{"@type":"ListItem","position":2,"name":"Espace adh\u00e9rents","item":"https:\/\/accent4.com\/preprod\/espace-adherents\/"},{"@type":"ListItem","position":3,"name":"Adh\u00e9sion \u00e0 Accent 4"}]},{"@type":"WebSite","@id":"https:\/\/accent4.com\/preprod\/#website","url":"https:\/\/accent4.com\/preprod\/","name":"Accent 4 - L'instant classique - Radio","description":"L&#039;instant classique","publisher":{"@id":"https:\/\/accent4.com\/preprod\/#organization"},"potentialAction":[{"@type":"SearchAction","target":{"@type":"EntryPoint","urlTemplate":"https:\/\/accent4.com\/preprod\/?s={search_term_string}"},"query-input":{"@type":"PropertyValueSpecification","valueRequired":true,"valueName":"search_term_string"}}],"inLanguage":"fr-FR"},{"@type":"Organization","@id":"https:\/\/accent4.com\/preprod\/#organization","name":"Accent 4","url":"https:\/\/accent4.com\/preprod\/","logo":{"@type":"ImageObject","inLanguage":"fr-FR","@id":"https:\/\/accent4.com\/preprod\/#\/schema\/logo\/image\/","url":"https:\/\/accent4.com\/preprod\/wp-content\/uploads\/2019\/07\/cropped-logo-white.png","contentUrl":"https:\/\/accent4.com\/preprod\/wp-content\/uploads\/2019\/07\/cropped-logo-white.png","width":512,"height":512,"caption":"Accent 4"},"image":{"@id":"https:\/\/accent4.com\/preprod\/#\/schema\/logo\/image\/"},"sameAs":["https:\/\/www.facebook.com\/Accent4\/","https:\/\/www.instagram.com\/radioaccent4\/"]}]}},"_links":{"self":[{"href":"https:\/\/accent4.com\/preprod\/wp-json\/wp\/v2\/pages\/71","targetHints":{"allow":["GET"]}}],"collection":[{"href":"https:\/\/accent4.com\/preprod\/wp-json\/wp\/v2\/pages"}],"about":[{"href":"https:\/\/accent4.com\/preprod\/wp-json\/wp\/v2\/types\/page"}],"author":[{"embeddable":true,"href":"https:\/\/accent4.com\/preprod\/wp-json\/wp\/v2\/users\/1"}],"replies":[{"embeddable":true,"href":"https:\/\/accent4.com\/preprod\/wp-json\/wp\/v2\/comments?post=71"}],"version-history":[{"count":0,"href":"https:\/\/accent4.com\/preprod\/wp-json\/wp\/v2\/pages\/71\/revisions"}],"up":[{"embeddable":true,"href":"https:\/\/accent4.com\/preprod\/wp-json\/wp\/v2\/pages\/76"}],"wp:attachment":[{"href":"https:\/\/accent4.com\/preprod\/wp-json\/wp\/v2\/media?parent=71"}],"curies":[{"name":"wp","href":"https:\/\/api.w.org\/{rel}","templated":true}]}}